{"id":121,"date":"2025-10-19T19:12:44","date_gmt":"2025-10-19T19:12:44","guid":{"rendered":"https:\/\/jlovri.mojweb.com.hr\/?page_id=121"},"modified":"2025-10-20T06:59:56","modified_gmt":"2025-10-20T06:59:56","slug":"o-nama","status":"publish","type":"page","link":"https:\/\/jlovri.mojweb.com.hr\/index.php\/o-nama\/","title":{"rendered":"O nama"},"content":{"rendered":"\n<div class=\"wp-block-group alignfull has-text-color has-background has-link-color wp-elements-7b7327ef471402d1458664faa7385f75 has-global-padding is-layout-constrained wp-container-core-group-is-layout-669513ed wp-block-group-is-layout-constrained\" style=\"color:#333333;background-color:#e4e4e4;margin-top:0;margin-bottom:0;padding-top:var(--wp--preset--spacing--50);padding-right:var(--wp--preset--spacing--50);padding-bottom:var(--wp--preset--spacing--50);padding-left:var(--wp--preset--spacing--50)\">\n<div class=\"wp-block-columns alignwide is-layout-flex wp-container-core-columns-is-layout-28f84493 wp-block-columns-is-layout-flex\">\n<div class=\"wp-block-column is-layout-flow wp-block-column-is-layout-flow\" style=\"flex-basis:40%\">\n<p class=\"wp-container-content-0733e5d0\">TKO SMO MI<\/p>\n<\/div>\n\n\n\n<div class=\"wp-block-column is-layout-flow wp-block-column-is-layout-flow\" style=\"flex-basis:60%\">\n<p class=\"has-body-font-family has-large-font-size\" style=\"line-height:1.4\">Lomarr Studio je kreativni partner za brendove koji te\u017ee jasno\u0107i, sofisticiranosti i dugoro\u010dnoj prepoznatljivosti. Kombiniramo <strong>brand strategiju, dizajn ambala\u017ee i vizualni identitet<\/strong> u cjelovita rje\u0161enja koja pretvaraju viziju u iskustvo.<\/p>\n<\/div>\n<\/div>\n\n\n\n<div style=\"height:var(--wp--preset--spacing--40)\" aria-hidden=\"true\" class=\"wp-block-spacer\"><\/div>\n\n\n\n<figure class=\"wp-block-image alignwide size-large is-style-default\"><img fetchpriority=\"high\" decoding=\"async\" width=\"1024\" height=\"682\" src=\"https:\/\/jlovri.mojweb.com.hr\/wp-content\/uploads\/2025\/10\/541A1410web-1024x682.jpg\" alt=\"\" class=\"wp-image-26\" srcset=\"https:\/\/jlovri.mojweb.com.hr\/wp-content\/uploads\/2025\/10\/541A1410web-1024x682.jpg 1024w, https:\/\/jlovri.mojweb.com.hr\/wp-content\/uploads\/2025\/10\/541A1410web-300x200.jpg 300w, https:\/\/jlovri.mojweb.com.hr\/wp-content\/uploads\/2025\/10\/541A1410web-768x512.jpg 768w, https:\/\/jlovri.mojweb.com.hr\/wp-content\/uploads\/2025\/10\/541A1410web-1536x1024.jpg 1536w, https:\/\/jlovri.mojweb.com.hr\/wp-content\/uploads\/2025\/10\/541A1410web.jpg 2000w\" sizes=\"(max-width: 1024px) 100vw, 1024px\" \/><\/figure>\n<\/div>\n\n\n\n<div class=\"wp-block-group alignfull has-base-background-color has-background has-global-padding is-layout-constrained wp-container-core-group-is-layout-d89aad35 wp-block-group-is-layout-constrained\" style=\"margin-top:0;margin-bottom:0;padding-top:var(--wp--preset--spacing--50);padding-right:var(--wp--preset--spacing--50);padding-bottom:var(--wp--preset--spacing--50);padding-left:var(--wp--preset--spacing--50)\">\n<div class=\"wp-block-columns alignwide is-layout-flex wp-container-core-columns-is-layout-549b0c86 wp-block-columns-is-layout-flex\">\n<div class=\"wp-block-column has-text-color has-link-color wp-elements-0713ce93f1e7abbc5b1e6ffcc59ce356 has-global-padding is-content-justification-left is-layout-constrained wp-container-core-column-is-layout-4f15e8fe wp-block-column-is-layout-constrained\" style=\"color:#333333;flex-basis:40%\">\n<p><\/p>\n<\/div>\n\n\n\n<div class=\"wp-block-column has-text-color has-link-color wp-elements-8364aacb2593a43207f00ee7aa19fc9e is-layout-flow wp-block-column-is-layout-flow\" style=\"color:#333333;flex-basis:60%\">\n<p class=\"has-body-font-family has-large-font-size\" style=\"line-height:1.4\">S velikom pa\u017enjom prema detaljima  i bezvremenskom dizajnu, stvaramo brendove koji bude emocije, pri\u010daju autenti\u010dne pri\u010de i odi\u0161u tihom samouvjereno\u0161\u0107u.<\/p>\n\n\n\n<div class=\"wp-block-columns is-layout-flex wp-container-core-columns-is-layout-87beb0d0 wp-block-columns-is-layout-flex\">\n<div class=\"wp-block-column is-layout-flow wp-block-column-is-layout-flow\">\n<p class=\"wp-container-content-9cfa9a5a\">Mi vjerujemo da dizajn nije ukras, ve\u0107 vidljiva strategija. Spajamo estetiku i svrhu kako bismo oblikovali identitete i ambala\u017eu koji djeluju i na emocionalnoj i na funkcionalnoj razini.<\/p>\n<\/div>\n\n\n\n<div class=\"wp-block-column is-layout-flow wp-block-column-is-layout-flow\">\n<p>Utemeljeni na preciznosti, smirenosti i profinjenom zanatu, na\u0161i radovi su funkcionalni i unikatni. Cilj nam je stvarati brendove koji zra\u010de trajnom ljepotom i zna\u010denjem.<\/p>\n<\/div>\n<\/div>\n<\/div>\n<\/div>\n<\/div>\n","protected":false},"excerpt":{"rendered":"<p>TKO SMO MI Lomarr Studio je kreativni partner za brendove koji te\u017ee jasno\u0107i, sofisticiranosti i dugoro\u010dnoj prepoznatljivosti. Kombiniramo brand strategiju, dizajn ambala\u017ee i vizualni identitet u cjelovita rje\u0161enja koja pretvaraju viziju u iskustvo. S velikom pa\u017enjom prema detaljima i bezvremenskom dizajnu, stvaramo brendove koji bude emocije, pri\u010daju autenti\u010dne pri\u010de i odi\u0161u tihom samouvjereno\u0161\u0107u. Mi vjerujemo [&hellip;]<\/p>\n","protected":false},"author":1,"featured_media":0,"parent":0,"menu_order":0,"comment_status":"closed","ping_status":"closed","template":"","meta":{"footnotes":""},"class_list":["post-121","page","type-page","status-publish","hentry"],"_links":{"self":[{"href":"https:\/\/jlovri.mojweb.com.hr\/index.php\/wp-json\/wp\/v2\/pages\/121","targetHints":{"allow":["GET"]}}],"collection":[{"href":"https:\/\/jlovri.mojweb.com.hr\/index.php\/wp-json\/wp\/v2\/pages"}],"about":[{"href":"https:\/\/jlovri.mojweb.com.hr\/index.php\/wp-json\/wp\/v2\/types\/page"}],"author":[{"embeddable":true,"href":"https:\/\/jlovri.mojweb.com.hr\/index.php\/wp-json\/wp\/v2\/users\/1"}],"replies":[{"embeddable":true,"href":"https:\/\/jlovri.mojweb.com.hr\/index.php\/wp-json\/wp\/v2\/comments?post=121"}],"version-history":[{"count":4,"href":"https:\/\/jlovri.mojweb.com.hr\/index.php\/wp-json\/wp\/v2\/pages\/121\/revisions"}],"predecessor-version":[{"id":180,"href":"https:\/\/jlovri.mojweb.com.hr\/index.php\/wp-json\/wp\/v2\/pages\/121\/revisions\/180"}],"wp:attachment":[{"href":"https:\/\/jlovri.mojweb.com.hr\/index.php\/wp-json\/wp\/v2\/media?parent=121"}],"curies":[{"name":"wp","href":"https:\/\/api.w.org\/{rel}","templated":true}]}}